{"id":999250,"date":"2021-05-12T14:18:44","date_gmt":"2021-05-12T19:18:44","guid":{"rendered":"https:\/\/mistrbear.com\/?page_id=999250"},"modified":"2024-02-19T12:02:44","modified_gmt":"2024-02-19T17:02:44","slug":"faq","status":"publish","type":"page","link":"https:\/\/mistrbear.com\/fr\/faq\/","title":{"rendered":"FAQ"},"content":{"rendered":"<div class=\"fusion-fullwidth fullwidth-box fusion-builder-row-1 fusion-flex-container nonhundred-percent-fullwidth non-hundred-percent-height-scrolling\" style=\"--awb-border-radius-top-left:0px;--awb-border-radius-top-right:0px;--awb-border-radius-bottom-right:0px;--awb-border-radius-bottom-left:0px;--awb-padding-top:60px;--awb-padding-bottom:30px;--awb-background-color:#1111111;--awb-flex-wrap:wrap;\" ><div class=\"fusion-builder-row fusion-row fusion-flex-align-items-flex-start fusion-flex-content-wrap\" style=\"max-width:1526.72px;margin-left: calc(-4% \/ 2 );margin-right: calc(-4% \/ 2 );\"><div class=\"fusion-layout-column fusion_builder_column fusion-builder-column-0 fusion_builder_column_1_1 1_1 fusion-flex-column\" style=\"--awb-bg-size:cover;--awb-width-large:100%;--awb-margin-top-large:0px;--awb-spacing-right-large:1.92%;--awb-margin-bottom-large:20px;--awb-spacing-left-large:1.92%;--awb-width-medium:100%;--awb-order-medium:0;--awb-spacing-right-medium:1.92%;--awb-spacing-left-medium:1.92%;--awb-width-small:100%;--awb-order-small:0;--awb-spacing-right-small:1.92%;--awb-spacing-left-small:1.92%;\"><div class=\"fusion-column-wrapper fusion-column-has-shadow fusion-flex-justify-content-flex-start fusion-content-layout-column\"><div class=\"fusion-title title fusion-title-1 fusion-sep-none fusion-title-center fusion-title-text fusion-title-size-one\"><h1 class=\"fusion-title-heading title-heading-center\" style=\"margin:0;\"><h1 style=\"text-align: center;\">Foires Aux Questions<\/h1><\/h1><\/div><\/div><\/div><div class=\"fusion-layout-column fusion_builder_column fusion-builder-column-1 fusion_builder_column_1_2 1_2 fusion-flex-column\" style=\"--awb-bg-size:cover;--awb-width-large:50%;--awb-margin-top-large:0px;--awb-spacing-right-large:3.84%;--awb-margin-bottom-large:20px;--awb-spacing-left-large:3.84%;--awb-width-medium:50%;--awb-order-medium:0;--awb-spacing-right-medium:3.84%;--awb-spacing-left-medium:3.84%;--awb-width-small:100%;--awb-order-small:0;--awb-spacing-right-small:1.92%;--awb-spacing-left-small:1.92%;\"><div class=\"fusion-column-wrapper fusion-column-has-shadow fusion-flex-justify-content-flex-start fusion-content-layout-column\"><div class=\"accordian fusion-accordian toggle-boxe\" style=\"--awb-border-size:1px;--awb-icon-size:16px;--awb-content-font-size:17px;--awb-icon-alignment:left;--awb-hover-color:#f9f9fb;--awb-border-color:#e2e2e2;--awb-background-color:#ffffff;--awb-divider-color:#e2e2e2;--awb-divider-hover-color:#e2e2e2;--awb-icon-color:#ffffff;--awb-title-color:#000000;--awb-content-color:#111111;--awb-icon-box-color:#111111;--awb-toggle-hover-accent-color:#ff141b;--awb-title-font-family:&quot;Roboto Condensed&quot;;--awb-title-font-weight:regular;--awb-title-font-style:normal;--awb-content-font-family:&quot;Roboto&quot;;--awb-content-font-style:normal;--awb-content-font-weight:regular;\"><div class=\"panel-group fusion-toggle-icon-boxed\" id=\"accordion-999250-1\"><div class=\"fusion-panel panel-default panel-7d617654f73a345d0 fusion-toggle-no-divider\"><div class=\"panel-heading\"><h4 class=\"panel-title toggle\" id=\"toggle_7d617654f73a345d0\"><a aria-expanded=\"false\" aria-controls=\"7d617654f73a345d0\" role=\"button\" data-toggle=\"collapse\" data-target=\"#7d617654f73a345d0\" href=\"#7d617654f73a345d0\"><span class=\"fusion-toggle-icon-wrapper\" aria-hidden=\"true\"><i class=\"fa-fusion-box active-icon awb-icon-minus\" aria-hidden=\"true\"><\/i><i class=\"fa-fusion-box inactive-icon awb-icon-plus\" aria-hidden=\"true\"><\/i><\/span><span class=\"fusion-toggle-heading\">Q : Livrez-vous aux \u00c9tats-Unis, en Europe et en Am\u00e9rique du Sud ?<\/span><\/a><\/h4><\/div><div id=\"7d617654f73a345d0\" class=\"panel-collapse collapse\" aria-labelledby=\"toggle_7d617654f73a345d0\"><div class=\"panel-body toggle-content fusion-clearfix\">\n<p><span data-doc-id=\"4397000301733050\" data-doc-type=\"writer\">R : <\/span>Oui, nous utilisons les services d'exp\u00e9dition de Postes Canada, DHL ou UPS.<\/p>\n<\/div><\/div><\/div><div class=\"fusion-panel panel-default panel-3a3d32b208a877985 fusion-toggle-no-divider\"><div class=\"panel-heading\"><h4 class=\"panel-title toggle\" id=\"toggle_3a3d32b208a877985\"><a aria-expanded=\"false\" aria-controls=\"3a3d32b208a877985\" role=\"button\" data-toggle=\"collapse\" data-target=\"#3a3d32b208a877985\" href=\"#3a3d32b208a877985\"><span class=\"fusion-toggle-icon-wrapper\" aria-hidden=\"true\"><i class=\"fa-fusion-box active-icon awb-icon-minus\" aria-hidden=\"true\"><\/i><i class=\"fa-fusion-box inactive-icon awb-icon-plus\" aria-hidden=\"true\"><\/i><\/span><span class=\"fusion-toggle-heading\">Q : Avez-vous un tableau des tailles ?<\/span><\/a><\/h4><\/div><div id=\"3a3d32b208a877985\" class=\"panel-collapse collapse\" aria-labelledby=\"toggle_3a3d32b208a877985\"><div class=\"panel-body toggle-content fusion-clearfix\">\n<p><span data-doc-id=\"4397000301733050\" data-doc-type=\"writer\">R : Nous utilisons les tailles standard am\u00e9ricaines pour <\/span>R: Sauf si l'article poss\u00e8de un tableau des tailles sp\u00e9cifique, vous pouvez vous r\u00e9f\u00e9rer \u00e0 notre guide des tailles g\u00e9n\u00e9ral pour vous aider \u00e0 choisir.<\/p>\n<\/div><\/div><\/div><div class=\"fusion-panel panel-default panel-77a9998a163649295 fusion-toggle-no-divider\"><div class=\"panel-heading\"><h4 class=\"panel-title toggle\" id=\"toggle_77a9998a163649295\"><a aria-expanded=\"false\" aria-controls=\"77a9998a163649295\" role=\"button\" data-toggle=\"collapse\" data-target=\"#77a9998a163649295\" href=\"#77a9998a163649295\"><span class=\"fusion-toggle-icon-wrapper\" aria-hidden=\"true\"><i class=\"fa-fusion-box active-icon awb-icon-minus\" aria-hidden=\"true\"><\/i><i class=\"fa-fusion-box inactive-icon awb-icon-plus\" aria-hidden=\"true\"><\/i><\/span><span class=\"fusion-toggle-heading\">Q : O\u00f9 est ma commande ? \/ Statut de ma commande<\/span><\/a><\/h4><\/div><div id=\"77a9998a163649295\" class=\"panel-collapse collapse\" aria-labelledby=\"toggle_77a9998a163649295\"><div class=\"panel-body toggle-content fusion-clearfix\">\n<p><span data-doc-id=\"4397000301733050\" data-doc-type=\"writer\">R : Comme indiqu\u00e9 dans notre politique en ligne, nous demandons une p\u00e9riode de gr\u00e2ce pouvant aller jusqu'\u00e0 5 semaines \u00e0 partir de la date d'achat pour que nous puissions compl\u00e9ter la commande. \u00c9tant donn\u00e9 que nous r\u00e9alisons tout \u00e0 la main, cela nous permet de cr\u00e9er des articles uniques de haute qualit\u00e9. Vous recevrez un e-mail d'exp\u00e9dition avec le num\u00e9ro de suivi une fois que la commande aura \u00e9t\u00e9 exp\u00e9di\u00e9e.<\/span><\/p>\n<\/div><\/div><\/div><div class=\"fusion-panel panel-default panel-192ea70cc6e93a6f3 fusion-toggle-no-divider\"><div class=\"panel-heading\"><h4 class=\"panel-title toggle\" id=\"toggle_192ea70cc6e93a6f3\"><a aria-expanded=\"false\" aria-controls=\"192ea70cc6e93a6f3\" role=\"button\" data-toggle=\"collapse\" data-target=\"#192ea70cc6e93a6f3\" href=\"#192ea70cc6e93a6f3\"><span class=\"fusion-toggle-icon-wrapper\" aria-hidden=\"true\"><i class=\"fa-fusion-box active-icon awb-icon-minus\" aria-hidden=\"true\"><\/i><i class=\"fa-fusion-box inactive-icon awb-icon-plus\" aria-hidden=\"true\"><\/i><\/span><span class=\"fusion-toggle-heading\">Q : J'ai re\u00e7u l'e courriel d'exp\u00e9dition, mais j'ai des probl\u00e8mes pour suivre ma commande \/ Quand sera-t-elle livr\u00e9e ?<\/span><\/a><\/h4><\/div><div id=\"192ea70cc6e93a6f3\" class=\"panel-collapse collapse\" aria-labelledby=\"toggle_192ea70cc6e93a6f3\"><div class=\"panel-body toggle-content fusion-clearfix\">\n<p><span data-doc-id=\"4397000301733050\" data-doc-type=\"writer\">R : Une fois que nous avons emball\u00e9 et exp\u00e9di\u00e9 la commande, nous n'avons plus le contr\u00f4le pour savoir son emplacement exact <\/span>ou la date \u00e0 laquelle elle atteindra sa destination. Veuillez contacter le transporteur pour plus d'informations.<\/p>\n<\/div><\/div><\/div><div class=\"fusion-panel panel-default panel-481eed28d7d3cba98 fusion-toggle-no-divider\"><div class=\"panel-heading\"><h4 class=\"panel-title toggle\" id=\"toggle_481eed28d7d3cba98\"><a aria-expanded=\"false\" aria-controls=\"481eed28d7d3cba98\" role=\"button\" data-toggle=\"collapse\" data-target=\"#481eed28d7d3cba98\" href=\"#481eed28d7d3cba98\"><span class=\"fusion-toggle-icon-wrapper\" aria-hidden=\"true\"><i class=\"fa-fusion-box active-icon awb-icon-minus\" aria-hidden=\"true\"><\/i><i class=\"fa-fusion-box inactive-icon awb-icon-plus\" aria-hidden=\"true\"><\/i><\/span><span class=\"fusion-toggle-heading\">Q : Vos prix sont-ils en dollars am\u00e9ricains (USD) ?<\/span><\/a><\/h4><\/div><div id=\"481eed28d7d3cba98\" class=\"panel-collapse collapse\" aria-labelledby=\"toggle_481eed28d7d3cba98\"><div class=\"panel-body toggle-content fusion-clearfix\">\n<p><span data-doc-id=\"4397000301733050\" data-doc-type=\"writer\">R : <\/span>Tous nos prix sont en CAD<\/p>\n<\/div><\/div><\/div><div class=\"fusion-panel panel-default panel-0e710c7bb7b8b4c97 fusion-toggle-no-divider\"><div class=\"panel-heading\"><h4 class=\"panel-title toggle\" id=\"toggle_0e710c7bb7b8b4c97\"><a aria-expanded=\"false\" aria-controls=\"0e710c7bb7b8b4c97\" role=\"button\" data-toggle=\"collapse\" data-target=\"#0e710c7bb7b8b4c97\" href=\"#0e710c7bb7b8b4c97\"><span class=\"fusion-toggle-icon-wrapper\" aria-hidden=\"true\"><i class=\"fa-fusion-box active-icon awb-icon-minus\" aria-hidden=\"true\"><\/i><i class=\"fa-fusion-box inactive-icon awb-icon-plus\" aria-hidden=\"true\"><\/i><\/span><span class=\"fusion-toggle-heading\">Q : J'ai re\u00e7u mon colis, mais j'ai d\u00fb payer des frais suppl\u00e9mentaires ? <\/span><\/a><\/h4><\/div><div id=\"0e710c7bb7b8b4c97\" class=\"panel-collapse collapse\" aria-labelledby=\"toggle_0e710c7bb7b8b4c97\"><div class=\"panel-body toggle-content fusion-clearfix\">\n<div class=\"zw-line-div\">\n<div class=\"zw-line-content\"><span class=\"zw-portion\" data-text-len=\"87\">R :<span class=\"zw-space\">\u00a0<\/span>Quand<span class=\"zw-space\">\u00a0<\/span>l'achat<span class=\"zw-space\">\u00a0<\/span>de<span class=\"zw-space\">\u00a0<\/span>sortir<span class=\"zw-space\">\u00a0<\/span>de<span class=\"zw-space\">\u00a0<\/span>pays<span class=\"zw-space\">\u00a0<\/span>l'emplacement,<span class=\"zw-space\">\u00a0<\/span>l'exportation<span class=\"zw-space\">\u00a0<\/span>et<span class=\"zw-space\">\u00a0<\/span>l'importation<span class=\"zw-space\">\u00a0<\/span>honoraires<span class=\"zw-space\">\u00a0<\/span>peut<span class=\"zw-space\">\u00a0<\/span>s'appliquer,<span class=\"zw-space\">\u00a0<\/span>ils <\/span><span class=\"zw-portion\" data-text-len=\"85\">sont appel\u00e9s frais de douane. Ces frais sont hors de notre contr\u00f4le et changent d'un pays \u00e0 l'autre. <\/span><span class=\"zw-portion\" data-text-len=\"86\">pays.<span class=\"zw-space\">\u00a0<\/span>Si<span class=\"zw-space\">\u00a0<\/span>vous<span class=\"zw-space\">\u00a0<\/span>avoir<span class=\"zw-space\">\u00a0<\/span>tous<span class=\"zw-space\">\u00a0<\/span>plaintes<span class=\"zw-space\">\u00a0<\/span>concernant<span class=\"zw-space\">\u00a0<\/span>douanes<span class=\"zw-space\">\u00a0<\/span>des frais,<span class=\"zw-space\">\u00a0<\/span>s'il vous pla\u00eet<span class=\"zw-space\">\u00a0<\/span>contact<span class=\"zw-space\">\u00a0<\/span>votre<span class=\"zw-space\">\u00a0<\/span>local<\/span> <span class=\"zw-portion\" data-text-len=\"18\">\u00e9lus<span class=\"zw-space\">\u00a0<\/span>des fonctionnaires.<\/span><span class=\"zw-portion\" data-text-len=\"1\"><span class=\"zw-space\">\u00a0<\/span><\/span><span class=\"EOP EOP-readonly\">\u00a0<\/span><\/div>\n<\/div>\n<\/div><\/div><\/div><div class=\"fusion-panel panel-default panel-2b8c06a1ca8bb34eb fusion-toggle-no-divider\"><div class=\"panel-heading\"><h4 class=\"panel-title toggle\" id=\"toggle_2b8c06a1ca8bb34eb\"><a aria-expanded=\"false\" aria-controls=\"2b8c06a1ca8bb34eb\" role=\"button\" data-toggle=\"collapse\" data-target=\"#2b8c06a1ca8bb34eb\" href=\"#2b8c06a1ca8bb34eb\"><span class=\"fusion-toggle-icon-wrapper\" aria-hidden=\"true\"><i class=\"fa-fusion-box active-icon awb-icon-minus\" aria-hidden=\"true\"><\/i><i class=\"fa-fusion-box inactive-icon awb-icon-plus\" aria-hidden=\"true\"><\/i><\/span><span class=\"fusion-toggle-heading\">Q : Mon bouton pression s'est cass\u00e9 \/ Le produit s'est d\u00e9chir\u00e9 <\/span><\/a><\/h4><\/div><div id=\"2b8c06a1ca8bb34eb\" class=\"panel-collapse collapse\" aria-labelledby=\"toggle_2b8c06a1ca8bb34eb\"><div class=\"panel-body toggle-content fusion-clearfix\">R : Les boutons pression cass\u00e9s et les d\u00e9chirures dans les v\u00eatements sont malheureux mais courants. Si vous habitez dans la r\u00e9gion de Montr\u00e9al, nous serons heureux de le r\u00e9parer ou de le remettre en place. Des frais peuvent s'appliquer. Si vous pensez que le produit \u00e9tait d\u00e9fectueux, consultez notre politique de magasin pour voir si les conditions s'appliquent \u00e0 votre produit. Si les boutons pression ont \u00e9t\u00e9 cass\u00e9s par une utilisation normale, veuillez contacter notre service client\u00e8le \u00e0\u00a0<a class=\"pointer f_statuslink2\" style=\"color: #ff141b;\" href=\"mailto:info@mistrbear.com\" target=\"_blank\" rel=\"noopener noreferrer\">info@mistrbear.com<\/a><\/div><\/div><\/div><div class=\"fusion-panel panel-default panel-ab479269cb9e82d92 fusion-toggle-no-divider\"><div class=\"panel-heading\"><h4 class=\"panel-title toggle\" id=\"toggle_ab479269cb9e82d92\"><a aria-expanded=\"false\" aria-controls=\"ab479269cb9e82d92\" role=\"button\" data-toggle=\"collapse\" data-target=\"#ab479269cb9e82d92\" href=\"#ab479269cb9e82d92\"><span class=\"fusion-toggle-icon-wrapper\" aria-hidden=\"true\"><i class=\"fa-fusion-box active-icon awb-icon-minus\" aria-hidden=\"true\"><\/i><i class=\"fa-fusion-box inactive-icon awb-icon-plus\" aria-hidden=\"true\"><\/i><\/span><span class=\"fusion-toggle-heading\">Q : Faites-vous de la personnalisation ? <\/span><\/a><\/h4><\/div><div id=\"ab479269cb9e82d92\" class=\"panel-collapse collapse\" aria-labelledby=\"toggle_ab479269cb9e82d92\"><div class=\"panel-body toggle-content fusion-clearfix\">R : Nous personnalisons nos mod\u00e8les existants. Les personnalisations disponibles sont indiqu\u00e9es sur le site web. Si vous n'\u00eates pas s\u00fbr, vous pouvez nous envoyer un courriel. <a href=\"mailto:info@mistrbear.com\">\u00e0 info@mistrbear.com avec<\/a> avec des d\u00e9tails. Nous ne cr\u00e9erons pas un nouveau mod\u00e8le \u00e0 la demande. Ce n'est jamais une id\u00e9e simple, cela demande beaucoup de travail, de temps et de logistique. Si vous avez un animal sp\u00e9cifique en t\u00eate, nous l'ajouterons volontiers \u00e0 notre bo\u00eete \u00e0 id\u00e9es.<\/div><\/div><\/div><\/div><\/div><\/div><\/div><div class=\"fusion-layout-column fusion_builder_column fusion-builder-column-2 fusion_builder_column_1_2 1_2 fusion-flex-column\" style=\"--awb-bg-size:cover;--awb-width-large:50%;--awb-margin-top-large:0px;--awb-spacing-right-large:3.84%;--awb-margin-bottom-large:20px;--awb-spacing-left-large:3.84%;--awb-width-medium:50%;--awb-order-medium:0;--awb-spacing-right-medium:3.84%;--awb-spacing-left-medium:3.84%;--awb-width-small:100%;--awb-order-small:0;--awb-spacing-right-small:1.92%;--awb-spacing-left-small:1.92%;\"><div class=\"fusion-column-wrapper fusion-column-has-shadow fusion-flex-justify-content-flex-start fusion-content-layout-column\"><div class=\"accordian fusion-accordian toggle-boxe\" style=\"--awb-border-size:1px;--awb-icon-size:16px;--awb-content-font-size:17px;--awb-icon-alignment:left;--awb-hover-color:#f9f9fb;--awb-border-color:#e2e2e2;--awb-background-color:#ffffff;--awb-divider-color:#e2e2e2;--awb-divider-hover-color:#e2e2e2;--awb-icon-color:#ffffff;--awb-title-color:#000000;--awb-content-color:#111111;--awb-icon-box-color:#111111;--awb-toggle-hover-accent-color:#ff141b;--awb-title-font-family:&quot;Roboto Condensed&quot;;--awb-title-font-weight:regular;--awb-title-font-style:normal;--awb-content-font-family:&quot;Roboto&quot;;--awb-content-font-style:normal;--awb-content-font-weight:regular;\"><div class=\"panel-group fusion-toggle-icon-boxed\" id=\"accordion-999250-2\"><div class=\"fusion-panel panel-default panel-3f35e9c2e9b6b7dd9 fusion-toggle-no-divider\"><div class=\"panel-heading\"><h4 class=\"panel-title toggle\" id=\"toggle_3f35e9c2e9b6b7dd9\"><a aria-expanded=\"false\" aria-controls=\"3f35e9c2e9b6b7dd9\" role=\"button\" data-toggle=\"collapse\" data-target=\"#3f35e9c2e9b6b7dd9\" href=\"#3f35e9c2e9b6b7dd9\"><span class=\"fusion-toggle-icon-wrapper\" aria-hidden=\"true\"><i class=\"fa-fusion-box active-icon awb-icon-minus\" aria-hidden=\"true\"><\/i><i class=\"fa-fusion-box inactive-icon awb-icon-plus\" aria-hidden=\"true\"><\/i><\/span><span class=\"fusion-toggle-heading\">Q : Effectuons-nous des r\u00e9parations\/modifications sur les masques en n\u00e9opr\u00e8ne provenant d'une autre entreprise ?<\/span><\/a><\/h4><\/div><div id=\"3f35e9c2e9b6b7dd9\" class=\"panel-collapse collapse\" aria-labelledby=\"toggle_3f35e9c2e9b6b7dd9\"><div class=\"panel-body toggle-content fusion-clearfix\">\n<p>A : Non<\/p>\n<\/div><\/div><\/div><div class=\"fusion-panel panel-default panel-efc580cf486c72eeb fusion-toggle-no-divider\"><div class=\"panel-heading\"><h4 class=\"panel-title toggle\" id=\"toggle_efc580cf486c72eeb\"><a aria-expanded=\"false\" aria-controls=\"efc580cf486c72eeb\" role=\"button\" data-toggle=\"collapse\" data-target=\"#efc580cf486c72eeb\" href=\"#efc580cf486c72eeb\"><span class=\"fusion-toggle-icon-wrapper\" aria-hidden=\"true\"><i class=\"fa-fusion-box active-icon awb-icon-minus\" aria-hidden=\"true\"><\/i><i class=\"fa-fusion-box inactive-icon awb-icon-plus\" aria-hidden=\"true\"><\/i><\/span><span class=\"fusion-toggle-heading\">Q : Effectuez-vous des r\u00e9parations sur les articles en cuir ? <\/span><\/a><\/h4><\/div><div id=\"efc580cf486c72eeb\" class=\"panel-collapse collapse\" aria-labelledby=\"toggle_efc580cf486c72eeb\"><div class=\"panel-body toggle-content fusion-clearfix\">R : Nous ne r\u00e9parons que nos propres produits. Si le harnais provient d'un autre magasin, il faut suivre la politique de ce magasin.<\/div><\/div><\/div><div class=\"fusion-panel panel-default panel-4d72414d18a4e09c2 fusion-toggle-no-divider\"><div class=\"panel-heading\"><h4 class=\"panel-title toggle\" id=\"toggle_4d72414d18a4e09c2\"><a aria-expanded=\"false\" aria-controls=\"4d72414d18a4e09c2\" role=\"button\" data-toggle=\"collapse\" data-target=\"#4d72414d18a4e09c2\" href=\"#4d72414d18a4e09c2\"><span class=\"fusion-toggle-icon-wrapper\" aria-hidden=\"true\"><i class=\"fa-fusion-box active-icon awb-icon-minus\" aria-hidden=\"true\"><\/i><i class=\"fa-fusion-box inactive-icon awb-icon-plus\" aria-hidden=\"true\"><\/i><\/span><span class=\"fusion-toggle-heading\">Q : Si je fournis le n\u00e9opr\u00e8ne, pouvez-vous m'en faire un masque ? <\/span><\/a><\/h4><\/div><div id=\"4d72414d18a4e09c2\" class=\"panel-collapse collapse\" aria-labelledby=\"toggle_4d72414d18a4e09c2\"><div class=\"panel-body toggle-content fusion-clearfix\">R : Non. Nous disposons d'un large choix de n\u00e9opr\u00e8ne parmi lesquels vous pouvez choisir. Nous avons une bo\u00eete \u00e0 suggestions ; nous la prendrons en compte pour nos s\u00e9lections futures de n\u00e9opr\u00e8ne.<\/div><\/div><\/div><div class=\"fusion-panel panel-default panel-1299b50bbf4b9d251 fusion-toggle-no-divider\"><div class=\"panel-heading\"><h4 class=\"panel-title toggle\" id=\"toggle_1299b50bbf4b9d251\"><a aria-expanded=\"false\" aria-controls=\"1299b50bbf4b9d251\" role=\"button\" data-toggle=\"collapse\" data-target=\"#1299b50bbf4b9d251\" href=\"#1299b50bbf4b9d251\"><span class=\"fusion-toggle-icon-wrapper\" aria-hidden=\"true\"><i class=\"fa-fusion-box active-icon awb-icon-minus\" aria-hidden=\"true\"><\/i><i class=\"fa-fusion-box inactive-icon awb-icon-plus\" aria-hidden=\"true\"><\/i><\/span><span class=\"fusion-toggle-heading\">Q : Puis-je ajouter quelque chose \u00e0 votre mod\u00e8le pour nous ? \/ Si je paie un suppl\u00e9ment, pouvez-vous modifier un mod\u00e8le existant ? <\/span><\/a><\/h4><\/div><div id=\"1299b50bbf4b9d251\" class=\"panel-collapse collapse\" aria-labelledby=\"toggle_1299b50bbf4b9d251\"><div class=\"panel-body toggle-content fusion-clearfix\">R : Comme indiqu\u00e9 ci-dessus, les personnalisations disponibles sont sur le site Web. Vous \u00eates libre de personnaliser le masque que vous achetez comme vous le souhaitez. Une fois que vous avez modifi\u00e9 l'int\u00e9grit\u00e9 de nos mod\u00e8les, nous ne le r\u00e9parerons ni ne le remplacerons en cas de dommage.<\/div><\/div><\/div><div class=\"fusion-panel panel-default panel-6bc7255a78c7a6128 fusion-toggle-no-divider\"><div class=\"panel-heading\"><h4 class=\"panel-title toggle\" id=\"toggle_6bc7255a78c7a6128\"><a aria-expanded=\"false\" aria-controls=\"6bc7255a78c7a6128\" role=\"button\" data-toggle=\"collapse\" data-target=\"#6bc7255a78c7a6128\" href=\"#6bc7255a78c7a6128\"><span class=\"fusion-toggle-icon-wrapper\" aria-hidden=\"true\"><i class=\"fa-fusion-box active-icon awb-icon-minus\" aria-hidden=\"true\"><\/i><i class=\"fa-fusion-box inactive-icon awb-icon-plus\" aria-hidden=\"true\"><\/i><\/span><span class=\"fusion-toggle-heading\">Q : Puis-je avoir un mod\u00e8le ou un article de la pr\u00e9c\u00e9dente collection ? <\/span><\/a><\/h4><\/div><div id=\"6bc7255a78c7a6128\" class=\"panel-collapse collapse\" aria-labelledby=\"toggle_6bc7255a78c7a6128\"><div class=\"panel-body toggle-content fusion-clearfix\">R : Tous nos mod\u00e8les et articles disponibles sont en ligne. S'ils ne sont pas en ligne, ils ne sont plus disponibles, d\u00e9sol\u00e9.<\/div><\/div><\/div><div class=\"fusion-panel panel-default panel-4d469c6d7add632a3 fusion-toggle-no-divider\"><div class=\"panel-heading\"><h4 class=\"panel-title toggle\" id=\"toggle_4d469c6d7add632a3\"><a aria-expanded=\"false\" aria-controls=\"4d469c6d7add632a3\" role=\"button\" data-toggle=\"collapse\" data-target=\"#4d469c6d7add632a3\" href=\"#4d469c6d7add632a3\"><span class=\"fusion-toggle-icon-wrapper\" aria-hidden=\"true\"><i class=\"fa-fusion-box active-icon awb-icon-minus\" aria-hidden=\"true\"><\/i><i class=\"fa-fusion-box inactive-icon awb-icon-plus\" aria-hidden=\"true\"><\/i><\/span><span class=\"fusion-toggle-heading\">Q : Si j'ach\u00e8te en grande quantit\u00e9, pouvons-nous b\u00e9n\u00e9ficier d'une remise suppl\u00e9mentaire\/prix de gros ? <\/span><\/a><\/h4><\/div><div id=\"4d469c6d7add632a3\" class=\"panel-collapse collapse\" aria-labelledby=\"toggle_4d469c6d7add632a3\"><div class=\"panel-body toggle-content fusion-clearfix\">Non. Les prix de gros sont r\u00e9serv\u00e9s \u00e0 certains magasins physiques s\u00e9lectionn\u00e9s. \u00c0 travers nos influenceurs et nos promotions mensuelles, nous offrons de nombreuses opportunit\u00e9s d'\u00e9conomies. Gardez un \u0153il sur nos promotions via nos r\u00e9seaux sociaux ou abonnez-vous \u00e0 notre newsletter pour en savoir plus.<\/div><\/div><\/div><div class=\"fusion-panel panel-default panel-8b93798a45db03913 fusion-toggle-no-divider\"><div class=\"panel-heading\"><h4 class=\"panel-title toggle\" id=\"toggle_8b93798a45db03913\"><a aria-expanded=\"false\" aria-controls=\"8b93798a45db03913\" role=\"button\" data-toggle=\"collapse\" data-target=\"#8b93798a45db03913\" href=\"#8b93798a45db03913\"><span class=\"fusion-toggle-icon-wrapper\" aria-hidden=\"true\"><i class=\"fa-fusion-box active-icon awb-icon-minus\" aria-hidden=\"true\"><\/i><i class=\"fa-fusion-box inactive-icon awb-icon-plus\" aria-hidden=\"true\"><\/i><\/span><span class=\"fusion-toggle-heading\">Q : Vendez-vous des poppers ? <\/span><\/a><\/h4><\/div><div id=\"8b93798a45db03913\" class=\"panel-collapse collapse\" aria-labelledby=\"toggle_8b93798a45db03913\"><div class=\"panel-body toggle-content fusion-clearfix\">La vente de poppers est ill\u00e9gale au Canada.<\/div><\/div><\/div><\/div><\/div><\/div><\/div><\/div><\/div>","protected":false},"excerpt":{"rendered":"","protected":false},"author":1,"featured_media":0,"parent":0,"menu_order":0,"comment_status":"closed","ping_status":"closed","template":"100-width.php","meta":{"footnotes":""},"class_list":["post-999250","page","type-page","status-publish","hentry"],"_links":{"self":[{"href":"https:\/\/mistrbear.com\/fr\/wp-json\/wp\/v2\/pages\/999250","targetHints":{"allow":["GET"]}}],"collection":[{"href":"https:\/\/mistrbear.com\/fr\/wp-json\/wp\/v2\/pages"}],"about":[{"href":"https:\/\/mistrbear.com\/fr\/wp-json\/wp\/v2\/types\/page"}],"author":[{"embeddable":true,"href":"https:\/\/mistrbear.com\/fr\/wp-json\/wp\/v2\/users\/1"}],"replies":[{"embeddable":true,"href":"https:\/\/mistrbear.com\/fr\/wp-json\/wp\/v2\/comments?post=999250"}],"version-history":[{"count":0,"href":"https:\/\/mistrbear.com\/fr\/wp-json\/wp\/v2\/pages\/999250\/revisions"}],"wp:attachment":[{"href":"https:\/\/mistrbear.com\/fr\/wp-json\/wp\/v2\/media?parent=999250"}],"curies":[{"name":"wp","href":"https:\/\/api.w.org\/{rel}","templated":true}]}}